{"id":19104,"date":"2026-02-26T01:38:43","date_gmt":"2026-02-26T00:38:43","guid":{"rendered":"https:\/\/www.seppi.com\/?page_id=19104"},"modified":"2026-04-16T14:07:41","modified_gmt":"2026-04-16T12:07:41","slug":"dichiarazione-di-accessibiita","status":"publish","type":"page","link":"https:\/\/www.seppi.com\/it\/dichiarazione-di-accessibiita\/","title":{"rendered":"Dichiarazione di Accessibiit\u00e0"},"content":{"rendered":"<h2 data-section-id=\"rdsnu0\" data-start=\"235\" data-end=\"268\">1. Impegno per l\u2019accessibilit\u00e0<\/h2>\n<p data-start=\"270\" data-end=\"414\">SEPPI M. SPA si impegna a rendere il proprio sito web accessibile al pi\u00f9 ampio numero possibile di utenti, incluse le persone con disabilit\u00e0.<\/p>\n<p data-start=\"416\" data-end=\"616\">L\u2019obiettivo \u00e8 offrire contenuti e funzionalit\u00e0 fruibili in modo chiaro, comprensibile e utilizzabile, adottando criteri di progettazione, sviluppo e aggiornamento orientati all\u2019accessibilit\u00e0 digitale.<\/p>\n<h2 data-section-id=\"126ei41\" data-start=\"618\" data-end=\"647\">2. Standard di riferimento<\/h2>\n<p data-start=\"649\" data-end=\"858\">Il sito \u00e8 sviluppato con riferimento alle <strong data-start=\"691\" data-end=\"742\">Web Content Accessibility Guidelines (WCAG) 2.2<\/strong>, livello <strong data-start=\"752\" data-end=\"758\">AA<\/strong>, considerate come standard tecnico di riferimento per migliorare l\u2019accessibilit\u00e0 dei contenuti web.<\/p>\n<h2 data-section-id=\"1nq86n3\" data-start=\"860\" data-end=\"888\">3. Stato di accessibilit\u00e0<\/h2>\n<p data-start=\"890\" data-end=\"976\">Il sito \u00e8 oggetto di attivit\u00e0 di verifica e miglioramento continuo dell\u2019accessibilit\u00e0.<\/p>\n<p data-start=\"5569\" data-end=\"5888\">Le analisi automatiche finora effettuate sulle pagine esaminate non hanno evidenziato criticit\u00e0 bloccanti rispetto ai controlli automatici applicabili ai criteri WCAG 2.2. La valutazione complessiva dell\u2019accessibilit\u00e0 del sito \u00e8 comunque soggetta a verifiche manuali periodiche e all&#8217;analisi delle tecnologie assistive.<\/p>\n<h2 data-section-id=\"1gaze7b\" data-start=\"1499\" data-end=\"1549\">4. Misure adottate per favorire l\u2019accessibilit\u00e0<\/h2>\n<p data-start=\"1551\" data-end=\"1646\">Per migliorare l\u2019accessibilit\u00e0 del sito, vengono adottate, ove applicabili, le seguenti misure:<\/p>\n<h3 data-section-id=\"kj5djv\" data-start=\"1648\" data-end=\"1677\">4.1 Struttura e contenuti<\/h3>\n<ul data-start=\"1678\" data-end=\"1989\">\n<li data-section-id=\"1xs7cgw\" data-start=\"1678\" data-end=\"1735\">\n<p data-start=\"1680\" data-end=\"1735\">utilizzo di una struttura HTML semanticamente coerente;<\/p>\n<\/li>\n<li data-section-id=\"1ptscbu\" data-start=\"1736\" data-end=\"1819\">\n<p data-start=\"1738\" data-end=\"1819\">organizzazione dei contenuti tramite titoli, elenchi e aree funzionali leggibili;<\/p>\n<\/li>\n<li data-section-id=\"wcrru9\" data-start=\"1820\" data-end=\"1918\">\n<p data-start=\"1822\" data-end=\"1918\">presenza di etichette descrittive per i campi dei moduli, i pulsanti e gli elementi interattivi;<\/p>\n<\/li>\n<li data-section-id=\"1mo23on\" data-start=\"1919\" data-end=\"1989\">\n<p data-start=\"1921\" data-end=\"1989\">attenzione alla chiarezza testuale e alla leggibilit\u00e0 dei contenuti.<\/p>\n<\/li>\n<\/ul>\n<h3 data-section-id=\"ntsjth\" data-start=\"1991\" data-end=\"2022\">4.2 Navigazione e fruizione<\/h3>\n<ul data-start=\"2023\" data-end=\"2224\">\n<li data-section-id=\"1llk28\" data-start=\"2023\" data-end=\"2070\">\n<p data-start=\"2025\" data-end=\"2070\">attenzione alla navigazione tramite tastiera;<\/p>\n<\/li>\n<li data-section-id=\"1g6tyvf\" data-start=\"2071\" data-end=\"2135\">\n<p data-start=\"2073\" data-end=\"2135\">verifica della compatibilit\u00e0 con i principali browser moderni;<\/p>\n<\/li>\n<li data-section-id=\"19pff1s\" data-start=\"2136\" data-end=\"2224\">\n<p data-start=\"2138\" data-end=\"2224\">progressivo miglioramento della compatibilit\u00e0 con le pi\u00f9 diffuse tecnologie assistive.<\/p>\n<\/li>\n<\/ul>\n<h3 data-section-id=\"rdxops\" data-start=\"2226\" data-end=\"2254\">4.3 Presentazione visiva<\/h3>\n<ul data-start=\"2255\" data-end=\"2489\">\n<li data-section-id=\"8d1shx\" data-start=\"2255\" data-end=\"2320\">\n<p data-start=\"2257\" data-end=\"2320\">attenzione al contrasto cromatico e alla leggibilit\u00e0 dei testi;<\/p>\n<\/li>\n<li data-section-id=\"kz3121\" data-start=\"2321\" data-end=\"2406\">\n<p data-start=\"2323\" data-end=\"2406\">attenzione alla scalabilit\u00e0 dei contenuti e all\u2019adattamento su diversi dispositivi;<\/p>\n<\/li>\n<li data-section-id=\"j4bl9f\" data-start=\"2407\" data-end=\"2489\">\n<p data-start=\"2409\" data-end=\"2489\">progressiva riduzione di eventuali elementi che possano ostacolare la fruizione.<\/p>\n<\/li>\n<\/ul>\n<h3 data-section-id=\"1b405cg\" data-start=\"2491\" data-end=\"2539\">4.4 Strumenti opzionali di personalizzazione<\/h3>\n<p data-start=\"2540\" data-end=\"2754\">Il sito mette a disposizione uno strumento opzionale di personalizzazione dell\u2019interfaccia che consente agli utenti, ove utile, di adattare alcuni aspetti della presentazione dei contenuti e della lettura, tra cui:<\/p>\n<ul data-start=\"2756\" data-end=\"3152\">\n<li data-section-id=\"18wn85z\" data-start=\"2756\" data-end=\"2797\">\n<p data-start=\"2758\" data-end=\"2797\">regolazione della dimensione del testo;<\/p>\n<\/li>\n<li data-section-id=\"1atwe78\" data-start=\"2798\" data-end=\"2837\">\n<p data-start=\"2800\" data-end=\"2837\">aumento dello spessore del carattere;<\/p>\n<\/li>\n<li data-section-id=\"160dkmk\" data-start=\"2838\" data-end=\"2888\">\n<p data-start=\"2840\" data-end=\"2888\">modifica di interlinea e spaziatura tra lettere;<\/p>\n<\/li>\n<li data-section-id=\"1cfywd5\" data-start=\"2889\" data-end=\"2934\">\n<p data-start=\"2891\" data-end=\"2934\">attivazione di un font ad alta leggibilit\u00e0;<\/p>\n<\/li>\n<li data-section-id=\"1ff6bgo\" data-start=\"2935\" data-end=\"2969\">\n<p data-start=\"2937\" data-end=\"2969\">evidenziazione di link e titoli;<\/p>\n<\/li>\n<li data-section-id=\"dscujd\" data-start=\"2970\" data-end=\"3033\">\n<p data-start=\"2972\" data-end=\"3033\">modalit\u00e0 di contrasto visivo e visualizzazione monocromatica;<\/p>\n<\/li>\n<li data-section-id=\"u9xfje\" data-start=\"3034\" data-end=\"3061\">\n<p data-start=\"3036\" data-end=\"3061\">arresto delle animazioni;<\/p>\n<\/li>\n<li data-section-id=\"fpuv9y\" data-start=\"3062\" data-end=\"3106\">\n<p data-start=\"3064\" data-end=\"3106\">strumenti di supporto visivo alla lettura;<\/p>\n<\/li>\n<li data-section-id=\"17nyvw\" data-start=\"3107\" data-end=\"3152\">\n<p data-start=\"3109\" data-end=\"3152\">miglioramento della visibilit\u00e0 del cursore.<\/p>\n<\/li>\n<\/ul>\n<p data-start=\"3154\" data-end=\"3343\">Tali funzionalit\u00e0 sono offerte come supporto aggiuntivo alla fruizione dei contenuti e non sostituiscono i requisiti di accessibilit\u00e0 del sito n\u00e9 le necessarie verifiche tecniche e manuali.<\/p>\n<h2 data-section-id=\"mmilqx\" data-start=\"3345\" data-end=\"3375\">5. Verifiche e monitoraggio<\/h2>\n<p data-start=\"3377\" data-end=\"3491\">L\u2019accessibilit\u00e0 del sito viene verificata periodicamente attraverso attivit\u00e0 di controllo tecnico, in particolare:<\/p>\n<ul data-start=\"3493\" data-end=\"3714\">\n<li data-section-id=\"1w5fq4o\" data-start=\"3493\" data-end=\"3546\">\n<p data-start=\"3495\" data-end=\"3546\">test automatici su pagine rappresentative del sito;<\/p>\n<\/li>\n<li data-section-id=\"1xxvs7m\" data-start=\"3547\" data-end=\"3605\">\n<p data-start=\"3549\" data-end=\"3605\">controlli manuali su elementi e funzionalit\u00e0 principali;<\/p>\n<\/li>\n<li data-section-id=\"xts4g2\" data-start=\"3606\" data-end=\"3714\">\n<p data-start=\"3608\" data-end=\"3714\">verifiche in occasione di aggiornamenti significativi dei contenuti, della struttura o delle funzionalit\u00e0.<\/p>\n<\/li>\n<\/ul>\n<p data-start=\"3716\" data-end=\"3913\">Le verifiche automatiche costituiscono un supporto utile all\u2019individuazione di alcune criticit\u00e0, ma non sostituiscono le valutazioni manuali necessarie per una verifica completa dell\u2019accessibilit\u00e0.<\/p>\n<p data-start=\"3915\" data-end=\"4075\">Ove disponibili, i risultati delle verifiche tecniche pi\u00f9 recenti possono essere messi a disposizione su richiesta o pubblicati tramite apposita documentazione.<\/p>\n<h2 data-section-id=\"1xnm9im\" data-start=\"4077\" data-end=\"4129\">6. Contenuti non ancora completamente accessibili<\/h2>\n<p data-start=\"4131\" data-end=\"4280\">Nonostante l\u2019impegno continuo, alcune parti del sito potrebbero non essere ancora pienamente accessibili. In particolare, potrebbero essere presenti:<\/p>\n<ul data-start=\"4282\" data-end=\"4697\">\n<li data-section-id=\"1cr6wwc\" data-start=\"4282\" data-end=\"4374\">\n<p data-start=\"4284\" data-end=\"4374\">alcuni elementi grafici o combinazioni cromatiche suscettibili di ulteriore miglioramento;<\/p>\n<\/li>\n<li data-section-id=\"1mdgncz\" data-start=\"4375\" data-end=\"4479\">\n<p data-start=\"4377\" data-end=\"4479\">documenti PDF o documenti scaricabili non pienamente ottimizzati per la lettura tramite screen reader;<\/p>\n<\/li>\n<li data-section-id=\"1glaz54\" data-start=\"4480\" data-end=\"4598\">\n<p data-start=\"4482\" data-end=\"4598\">eventuali contenuti o componenti di terze parti che non risultano ancora completamente conformi ai criteri WCAG 2.2;<\/p>\n<\/li>\n<li data-section-id=\"r85lrj\" data-start=\"4599\" data-end=\"4697\">\n<p data-start=\"4601\" data-end=\"4697\">aspetti che richiedono verifica manuale approfondita per una conferma completa della conformit\u00e0.<\/p>\n<\/li>\n<\/ul>\n<p data-start=\"4699\" data-end=\"4816\">Le eventuali criticit\u00e0 individuate vengono prese in carico e valutate ai fini del miglioramento progressivo del sito.<\/p>\n<h2 data-section-id=\"179gab2\" data-start=\"4818\" data-end=\"4843\">7. Feedback e contatti<\/h2>\n<p data-start=\"4845\" data-end=\"4997\">Chiunque riscontri difficolt\u00e0 di accesso ai contenuti o alle funzionalit\u00e0 del sito, oppure desideri segnalare problemi di accessibilit\u00e0, pu\u00f2 contattare:<\/p>\n<p data-start=\"4999\" data-end=\"5024\"><strong data-start=\"4999\" data-end=\"5009\">Tel:<\/strong> <a href=\"tel:003904611787500\">+39 0461 178 75 00<\/a><\/p>\n<p data-start=\"5026\" data-end=\"5177\">Le segnalazioni saranno prese in considerazione nel pi\u00f9 breve tempo possibile e, ove possibile, verr\u00e0 fornito un riscontro o una soluzione alternativa.<\/p>\n<h2 data-section-id=\"1ttp7r0\" data-start=\"5179\" data-end=\"5215\">8. Versioni linguistiche del sito<\/h2>\n<p data-start=\"5217\" data-end=\"5326\">La presente dichiarazione si applica al sito <strong data-start=\"5262\" data-end=\"5275\">seppi.com<\/strong> e alle relative versioni linguistiche disponibili.<\/p>\n<h2 data-section-id=\"kwwmg8\" data-start=\"5328\" data-end=\"5358\">9. Data della dichiarazione<\/h2>\n<p data-start=\"5360\" data-end=\"5425\"><strong data-start=\"5360\" data-end=\"5375\">Redatta il:<\/strong> 25\/02\/2026<br data-start=\"5386\" data-end=\"5389\" \/><strong data-start=\"5389\" data-end=\"5414\">Ultimo aggiornamento:<\/strong> 25\/02\/2026<\/p>\n","protected":false},"excerpt":{"rendered":"<p>1. Impegno per l\u2019accessibilit\u00e0 SEPPI M. SPA si impegna a rendere il proprio sito web accessibile al pi\u00f9 ampio numero possibile di utenti, incluse le persone con disabilit\u00e0. L\u2019obiettivo \u00e8 offrire contenuti e funzionalit\u00e0 fruibili in modo chiaro, comprensibile e utilizzabile, adottando criteri di progettazione, sviluppo e aggiornamento orientati all\u2019accessibilit\u00e0 digitale. 2. Standard di riferimento [&hellip;]<\/p>\n","protected":false},"author":6,"featured_media":0,"parent":0,"menu_order":0,"comment_status":"closed","ping_status":"closed","template":"","meta":{"_acf_changed":false,"inline_featured_image":false,"footnotes":""},"class_list":["post-19104","page","type-page","status-publish","hentry"],"acf":[],"_links":{"self":[{"href":"https:\/\/www.seppi.com\/it\/wp-json\/wp\/v2\/pages\/19104","targetHints":{"allow":["GET"]}}],"collection":[{"href":"https:\/\/www.seppi.com\/it\/wp-json\/wp\/v2\/pages"}],"about":[{"href":"https:\/\/www.seppi.com\/it\/wp-json\/wp\/v2\/types\/page"}],"author":[{"embeddable":true,"href":"https:\/\/www.seppi.com\/it\/wp-json\/wp\/v2\/users\/6"}],"replies":[{"embeddable":true,"href":"https:\/\/www.seppi.com\/it\/wp-json\/wp\/v2\/comments?post=19104"}],"version-history":[{"count":8,"href":"https:\/\/www.seppi.com\/it\/wp-json\/wp\/v2\/pages\/19104\/revisions"}],"predecessor-version":[{"id":19627,"href":"https:\/\/www.seppi.com\/it\/wp-json\/wp\/v2\/pages\/19104\/revisions\/19627"}],"wp:attachment":[{"href":"https:\/\/www.seppi.com\/it\/wp-json\/wp\/v2\/media?parent=19104"}],"curies":[{"name":"wp","href":"https:\/\/api.w.org\/{rel}","templated":true}]}}