{"id":19376,"date":"2026-02-26T01:38:43","date_gmt":"2026-02-26T00:38:43","guid":{"rendered":"https:\/\/www.seppi.com\/?page_id=19376"},"modified":"2026-04-16T14:10:07","modified_gmt":"2026-04-16T12:10:07","slug":"declaration-daccessibilite","status":"publish","type":"page","link":"https:\/\/www.seppi.com\/fr\/declaration-daccessibilite\/","title":{"rendered":"D\u00e9claration d\u2019accessibilit\u00e9"},"content":{"rendered":"<h3 data-section-id=\"4av3q\" data-start=\"80\" data-end=\"126\">1. Engagement en faveur de l\u2019accessibilit\u00e9<\/h3>\n<p data-start=\"128\" data-end=\"278\">SEPPI M. SPA s\u2019engage \u00e0 rendre son site web accessible au plus grand nombre d\u2019utilisateurs possible, y compris les personnes en situation de handicap.<\/p>\n<p data-start=\"280\" data-end=\"498\">L\u2019objectif est de proposer des contenus et des fonctionnalit\u00e9s clairs, compr\u00e9hensibles et utilisables, en adoptant des crit\u00e8res de conception, de d\u00e9veloppement et de mise \u00e0 jour orient\u00e9s vers l\u2019accessibilit\u00e9 num\u00e9rique.<\/p>\n<h3 data-section-id=\"xnc1nv\" data-start=\"500\" data-end=\"525\">2. Norme de r\u00e9f\u00e9rence<\/h3>\n<p data-start=\"527\" data-end=\"736\">Le site web est d\u00e9velopp\u00e9 en r\u00e9f\u00e9rence aux <strong data-start=\"570\" data-end=\"621\">Web Content Accessibility Guidelines (WCAG) 2.2<\/strong>, niveau <strong data-start=\"630\" data-end=\"636\">AA<\/strong>, consid\u00e9r\u00e9es comme la norme technique de r\u00e9f\u00e9rence pour am\u00e9liorer l\u2019accessibilit\u00e9 des contenus web.<\/p>\n<h3 data-section-id=\"19g7hvd\" data-start=\"738\" data-end=\"768\">3. \u00c9tat de l\u2019accessibilit\u00e9<\/h3>\n<p data-start=\"770\" data-end=\"870\">Le site web fait l\u2019objet d\u2019activit\u00e9s continues de v\u00e9rification et d\u2019am\u00e9lioration de l\u2019accessibilit\u00e9.<\/p>\n<p data-start=\"872\" data-end=\"1265\">Les analyses automatis\u00e9es effectu\u00e9es jusqu\u2019\u00e0 pr\u00e9sent sur les pages examin\u00e9es n\u2019ont pas mis en \u00e9vidence de probl\u00e8mes bloquants au regard des contr\u00f4les automatiques applicables aux crit\u00e8res WCAG 2.2. Toutefois, l\u2019\u00e9valuation globale de l\u2019accessibilit\u00e9 du site web reste soumise \u00e0 des v\u00e9rifications manuelles p\u00e9riodiques ainsi qu\u2019\u00e0 l\u2019analyse de la compatibilit\u00e9 avec les technologies d\u2019assistance.<\/p>\n<h3 data-section-id=\"jorx1x\" data-start=\"1267\" data-end=\"1321\">4. Mesures adopt\u00e9es pour favoriser l\u2019accessibilit\u00e9<\/h3>\n<p data-start=\"1323\" data-end=\"1441\">Afin d\u2019am\u00e9liorer l\u2019accessibilit\u00e9 du site web, les mesures suivantes sont mises en \u0153uvre, lorsque cela est applicable :<\/p>\n<h4 data-start=\"1443\" data-end=\"1473\">4.1 Structure et contenus<\/h4>\n<ul data-start=\"1475\" data-end=\"1832\">\n<li data-section-id=\"382i3s\" data-start=\"1475\" data-end=\"1536\">\n<p data-start=\"1477\" data-end=\"1536\">utilisation d\u2019une structure HTML s\u00e9mantiquement coh\u00e9rente ;<\/p>\n<\/li>\n<li data-section-id=\"1tsot5w\" data-start=\"1537\" data-end=\"1643\">\n<p data-start=\"1539\" data-end=\"1643\">organisation des contenus au moyen de titres, de listes et de zones fonctionnelles clairement lisibles ;<\/p>\n<\/li>\n<li data-section-id=\"arl78o\" data-start=\"1644\" data-end=\"1753\">\n<p data-start=\"1646\" data-end=\"1753\">pr\u00e9sence d\u2019\u00e9tiquettes descriptives pour les champs de formulaire, les boutons et les \u00e9l\u00e9ments interactifs ;<\/p>\n<\/li>\n<li data-section-id=\"1qd7u4f\" data-start=\"1754\" data-end=\"1832\">\n<p data-start=\"1756\" data-end=\"1832\">attention port\u00e9e \u00e0 la clart\u00e9 r\u00e9dactionnelle et \u00e0 la lisibilit\u00e9 des contenus.<\/p>\n<\/li>\n<\/ul>\n<h4 data-start=\"1834\" data-end=\"1868\">4.2 Navigation et utilisation<\/h4>\n<ul data-start=\"1870\" data-end=\"2108\">\n<li data-section-id=\"1sx4dl1\" data-start=\"1870\" data-end=\"1917\">\n<p data-start=\"1872\" data-end=\"1917\">attention port\u00e9e \u00e0 la navigation au clavier ;<\/p>\n<\/li>\n<li data-section-id=\"1a3iiuu\" data-start=\"1918\" data-end=\"1995\">\n<p data-start=\"1920\" data-end=\"1995\">v\u00e9rification de la compatibilit\u00e9 avec les principaux navigateurs modernes ;<\/p>\n<\/li>\n<li data-section-id=\"1xn6mzb\" data-start=\"1996\" data-end=\"2108\">\n<p data-start=\"1998\" data-end=\"2108\">am\u00e9lioration progressive de la compatibilit\u00e9 avec les technologies d\u2019assistance les plus couramment utilis\u00e9es.<\/p>\n<\/li>\n<\/ul>\n<h4 data-start=\"2110\" data-end=\"2140\">4.3 Pr\u00e9sentation visuelle<\/h4>\n<ul data-start=\"2142\" data-end=\"2400\">\n<li data-section-id=\"1sykrlo\" data-start=\"2142\" data-end=\"2218\">\n<p data-start=\"2144\" data-end=\"2218\">attention port\u00e9e au contraste des couleurs et \u00e0 la lisibilit\u00e9 des textes ;<\/p>\n<\/li>\n<li data-section-id=\"1w520a6\" data-start=\"2219\" data-end=\"2314\">\n<p data-start=\"2221\" data-end=\"2314\">attention port\u00e9e \u00e0 l\u2019adaptabilit\u00e9 des contenus et \u00e0 leur affichage sur diff\u00e9rents appareils ;<\/p>\n<\/li>\n<li data-section-id=\"1xk7y5o\" data-start=\"2315\" data-end=\"2400\">\n<p data-start=\"2317\" data-end=\"2400\">r\u00e9duction progressive de tout \u00e9l\u00e9ment susceptible de nuire \u00e0 l\u2019utilisation du site.<\/p>\n<\/li>\n<\/ul>\n<h4 data-start=\"2402\" data-end=\"2448\">4.4 Outils optionnels de personnalisation<\/h4>\n<p data-start=\"2450\" data-end=\"2675\">Le site web met \u00e0 disposition un outil optionnel de personnalisation de l\u2019interface permettant aux utilisateurs, lorsque cela est utile, d\u2019adapter certains aspects de la pr\u00e9sentation des contenus et de la lecture, notamment :<\/p>\n<ul data-start=\"2677\" data-end=\"3081\">\n<li data-section-id=\"bmddz5\" data-start=\"2677\" data-end=\"2713\">\n<p data-start=\"2679\" data-end=\"2713\">ajustement de la taille du texte ;<\/p>\n<\/li>\n<li data-section-id=\"l1qui8\" data-start=\"2714\" data-end=\"2760\">\n<p data-start=\"2716\" data-end=\"2760\">augmentation de l\u2019\u00e9paisseur des caract\u00e8res ;<\/p>\n<\/li>\n<li data-section-id=\"kmo9p7\" data-start=\"2761\" data-end=\"2826\">\n<p data-start=\"2763\" data-end=\"2826\">modification de l\u2019interlignage et de l\u2019espacement des lettres ;<\/p>\n<\/li>\n<li data-section-id=\"5fx1tl\" data-start=\"2827\" data-end=\"2873\">\n<p data-start=\"2829\" data-end=\"2873\">activation d\u2019une police \u00e0 haute lisibilit\u00e9 ;<\/p>\n<\/li>\n<li data-section-id=\"xnaovo\" data-start=\"2874\" data-end=\"2918\">\n<p data-start=\"2876\" data-end=\"2918\">mise en \u00e9vidence des liens et des titres ;<\/p>\n<\/li>\n<li data-section-id=\"1wtaf09\" data-start=\"2919\" data-end=\"2972\">\n<p data-start=\"2921\" data-end=\"2972\">modes de contraste visuel et affichage monochrome ;<\/p>\n<\/li>\n<li data-section-id=\"unj3cr\" data-start=\"2973\" data-end=\"2997\">\n<p data-start=\"2975\" data-end=\"2997\">arr\u00eat des animations ;<\/p>\n<\/li>\n<li data-section-id=\"1x7yohj\" data-start=\"2998\" data-end=\"3037\">\n<p data-start=\"3000\" data-end=\"3037\">outils d\u2019aide visuelle \u00e0 la lecture ;<\/p>\n<\/li>\n<li data-section-id=\"hfczc\" data-start=\"3038\" data-end=\"3081\">\n<p data-start=\"3040\" data-end=\"3081\">am\u00e9lioration de la visibilit\u00e9 du curseur.<\/p>\n<\/li>\n<\/ul>\n<p data-start=\"3083\" data-end=\"3298\">Ces fonctionnalit\u00e9s sont propos\u00e9es comme un soutien compl\u00e9mentaire \u00e0 l\u2019utilisation des contenus et ne remplacent ni les exigences d\u2019accessibilit\u00e9 du site web ni les v\u00e9rifications techniques et manuelles n\u00e9cessaires.<\/p>\n<h3 data-section-id=\"1ks9i0q\" data-start=\"3300\" data-end=\"3329\">5. V\u00e9rifications et suivi<\/h3>\n<p data-start=\"3331\" data-end=\"3442\">L\u2019accessibilit\u00e9 du site web est v\u00e9rifi\u00e9e p\u00e9riodiquement au moyen d\u2019activit\u00e9s de contr\u00f4le technique, notamment :<\/p>\n<ul data-start=\"3444\" data-end=\"3691\">\n<li data-section-id=\"qswhv7\" data-start=\"3444\" data-end=\"3511\">\n<p data-start=\"3446\" data-end=\"3511\">des tests automatis\u00e9s sur des pages repr\u00e9sentatives du site web ;<\/p>\n<\/li>\n<li data-section-id=\"8t9rsr\" data-start=\"3512\" data-end=\"3584\">\n<p data-start=\"3514\" data-end=\"3584\">des contr\u00f4les manuels sur les principaux \u00e9l\u00e9ments et fonctionnalit\u00e9s ;<\/p>\n<\/li>\n<li data-section-id=\"pxfslm\" data-start=\"3585\" data-end=\"3691\">\n<p data-start=\"3587\" data-end=\"3691\">des v\u00e9rifications lors de mises \u00e0 jour importantes des contenus, de la structure ou des fonctionnalit\u00e9s.<\/p>\n<\/li>\n<\/ul>\n<p data-start=\"3693\" data-end=\"3901\">Les v\u00e9rifications automatis\u00e9es constituent une aide utile pour identifier certains probl\u00e8mes, mais elles ne remplacent pas les \u00e9valuations manuelles n\u00e9cessaires \u00e0 une v\u00e9rification compl\u00e8te de l\u2019accessibilit\u00e9.<\/p>\n<p data-start=\"3903\" data-end=\"4071\">Lorsqu\u2019ils sont disponibles, les r\u00e9sultats des v\u00e9rifications techniques les plus r\u00e9centes peuvent \u00eatre fournis sur demande ou publi\u00e9s dans une documentation appropri\u00e9e.<\/p>\n<h3 data-section-id=\"164k5g9\" data-start=\"4073\" data-end=\"4123\">6. Contenus pas encore enti\u00e8rement accessibles<\/h3>\n<p data-start=\"4125\" data-end=\"4275\">Malgr\u00e9 notre engagement continu, certaines parties du site web peuvent ne pas \u00eatre encore enti\u00e8rement accessibles. En particulier, il peut subsister :<\/p>\n<ul data-start=\"4277\" data-end=\"4733\">\n<li data-section-id=\"114nxs7\" data-start=\"4277\" data-end=\"4377\">\n<p data-start=\"4279\" data-end=\"4377\">certains \u00e9l\u00e9ments graphiques ou certaines combinaisons de couleurs pouvant encore \u00eatre am\u00e9lior\u00e9s ;<\/p>\n<\/li>\n<li data-section-id=\"1r3sjly\" data-start=\"4378\" data-end=\"4517\">\n<p data-start=\"4380\" data-end=\"4517\">des documents PDF ou des fichiers t\u00e9l\u00e9chargeables qui ne sont pas encore enti\u00e8rement optimis\u00e9s pour la lecture par les lecteurs d\u2019\u00e9cran ;<\/p>\n<\/li>\n<li data-section-id=\"1lz5aq1\" data-start=\"4518\" data-end=\"4620\">\n<p data-start=\"4520\" data-end=\"4620\">des contenus ou composants tiers qui ne sont pas encore totalement conformes aux crit\u00e8res WCAG 2.2 ;<\/p>\n<\/li>\n<li data-section-id=\"137i85\" data-start=\"4621\" data-end=\"4733\">\n<p data-start=\"4623\" data-end=\"4733\">des aspects n\u00e9cessitant une v\u00e9rification manuelle plus approfondie afin de confirmer pleinement la conformit\u00e9.<\/p>\n<\/li>\n<\/ul>\n<p data-start=\"4735\" data-end=\"4857\">Toute difficult\u00e9 identifi\u00e9e est prise en compte et \u00e9valu\u00e9e dans le cadre du processus d\u2019am\u00e9lioration continue du site web.<\/p>\n<h3 data-section-id=\"1sbc41g\" data-start=\"4859\" data-end=\"4897\">7. Retour d\u2019information et contact<\/h3>\n<p data-start=\"4899\" data-end=\"5095\">Toute personne rencontrant des difficult\u00e9s d\u2019acc\u00e8s aux contenus ou aux fonctionnalit\u00e9s du site web, ou souhaitant signaler des probl\u00e8mes d\u2019accessibilit\u00e9, peut nous contacter \u00e0 l\u2019adresse suivante :<\/p>\n<p data-start=\"5097\" data-end=\"5124\"><a href=\"tel:003904611787500\">+39 0461 178 75 00<\/a><\/p>\n<p data-start=\"5126\" data-end=\"5276\">Les signalements seront pris en compte dans les meilleurs d\u00e9lais et, lorsque cela est possible, une r\u00e9ponse ou une solution alternative sera propos\u00e9e.<\/p>\n<h3 data-section-id=\"1plp18f\" data-start=\"5278\" data-end=\"5319\">8. Versions linguistiques du site web<\/h3>\n<p data-start=\"5321\" data-end=\"5432\">La pr\u00e9sente d\u00e9claration s\u2019applique \u00e0 <strong data-start=\"5358\" data-end=\"5371\">seppi.com<\/strong> ainsi qu\u2019aux versions linguistiques disponibles du site web.<\/p>\n<h3 data-section-id=\"yr58md\" data-start=\"5434\" data-end=\"5463\">9. Date de la d\u00e9claration<\/h3>\n<p data-start=\"5465\" data-end=\"5532\"><strong data-start=\"5465\" data-end=\"5481\">R\u00e9dig\u00e9e le :<\/strong> 25\/02\/2026<br data-start=\"5492\" data-end=\"5495\" \/><strong data-start=\"5495\" data-end=\"5521\">Derni\u00e8re mise \u00e0 jour :<\/strong> 25\/02\/2026<\/p>\n","protected":false},"excerpt":{"rendered":"<p>1. Engagement en faveur de l\u2019accessibilit\u00e9 SEPPI M. SPA s\u2019engage \u00e0 rendre son site web accessible au plus grand nombre d\u2019utilisateurs possible, y compris les personnes en situation de handicap. L\u2019objectif est de proposer des contenus et des fonctionnalit\u00e9s clairs, compr\u00e9hensibles et utilisables, en adoptant des crit\u00e8res de conception, de d\u00e9veloppement et de mise \u00e0 [&hellip;]<\/p>\n","protected":false},"author":6,"featured_media":0,"parent":0,"menu_order":0,"comment_status":"closed","ping_status":"closed","template":"","meta":{"_acf_changed":false,"inline_featured_image":false,"footnotes":""},"class_list":["post-19376","page","type-page","status-publish","hentry"],"acf":[],"_links":{"self":[{"href":"https:\/\/www.seppi.com\/fr\/wp-json\/wp\/v2\/pages\/19376","targetHints":{"allow":["GET"]}}],"collection":[{"href":"https:\/\/www.seppi.com\/fr\/wp-json\/wp\/v2\/pages"}],"about":[{"href":"https:\/\/www.seppi.com\/fr\/wp-json\/wp\/v2\/types\/page"}],"author":[{"embeddable":true,"href":"https:\/\/www.seppi.com\/fr\/wp-json\/wp\/v2\/users\/6"}],"replies":[{"embeddable":true,"href":"https:\/\/www.seppi.com\/fr\/wp-json\/wp\/v2\/comments?post=19376"}],"version-history":[{"count":3,"href":"https:\/\/www.seppi.com\/fr\/wp-json\/wp\/v2\/pages\/19376\/revisions"}],"predecessor-version":[{"id":19633,"href":"https:\/\/www.seppi.com\/fr\/wp-json\/wp\/v2\/pages\/19376\/revisions\/19633"}],"wp:attachment":[{"href":"https:\/\/www.seppi.com\/fr\/wp-json\/wp\/v2\/media?parent=19376"}],"curies":[{"name":"wp","href":"https:\/\/api.w.org\/{rel}","templated":true}]}}