{"id":13162,"date":"2024-07-23T15:57:58","date_gmt":"2024-07-23T13:57:58","guid":{"rendered":"http:\/\/projekt2.seppi.com.dd48310.kasserver.com\/kontakt\/"},"modified":"2026-01-26T17:42:29","modified_gmt":"2026-01-26T16:42:29","slug":"contact","status":"publish","type":"page","link":"https:\/\/www.seppi.com\/fr\/contact\/","title":{"rendered":"Contact"},"content":{"rendered":"<p>Utilisez le formulaire : notre \u00e9quipe veillera \u00e0 ce que vous receviez rapidement la r\u00e9ponse souhait\u00e9e!<\/p>\n","protected":false},"excerpt":{"rendered":"<p>Utilisez le formulaire : notre \u00e9quipe veillera \u00e0 ce que vous receviez rapidement la r\u00e9ponse souhait\u00e9e!<\/p>\n","protected":false},"author":1,"featured_media":0,"parent":0,"menu_order":8,"comment_status":"closed","ping_status":"closed","template":"template-kontakt.php","meta":{"_acf_changed":false,"inline_featured_image":false,"footnotes":""},"class_list":["post-13162","page","type-page","status-publish","hentry"],"acf":[],"_links":{"self":[{"href":"https:\/\/www.seppi.com\/fr\/wp-json\/wp\/v2\/pages\/13162","targetHints":{"allow":["GET"]}}],"collection":[{"href":"https:\/\/www.seppi.com\/fr\/wp-json\/wp\/v2\/pages"}],"about":[{"href":"https:\/\/www.seppi.com\/fr\/wp-json\/wp\/v2\/types\/page"}],"author":[{"embeddable":true,"href":"https:\/\/www.seppi.com\/fr\/wp-json\/wp\/v2\/users\/1"}],"replies":[{"embeddable":true,"href":"https:\/\/www.seppi.com\/fr\/wp-json\/wp\/v2\/comments?post=13162"}],"version-history":[{"count":1,"href":"https:\/\/www.seppi.com\/fr\/wp-json\/wp\/v2\/pages\/13162\/revisions"}],"predecessor-version":[{"id":13518,"href":"https:\/\/www.seppi.com\/fr\/wp-json\/wp\/v2\/pages\/13162\/revisions\/13518"}],"wp:attachment":[{"href":"https:\/\/www.seppi.com\/fr\/wp-json\/wp\/v2\/media?parent=13162"}],"curies":[{"name":"wp","href":"https:\/\/api.w.org\/{rel}","templated":true}]}}