{"id":13155,"date":"2024-07-23T15:57:39","date_gmt":"2024-07-23T13:57:39","guid":{"rendered":"http:\/\/projekt2.seppi.com.dd48310.kasserver.com\/haendler\/"},"modified":"2025-09-26T10:05:22","modified_gmt":"2025-09-26T08:05:22","slug":"revendeurs","status":"publish","type":"page","link":"https:\/\/www.seppi.com\/fr\/revendeurs\/","title":{"rendered":"Revendeurs"},"content":{"rendered":"<p>Les machines puissantes ont besoin de partenaires solides ! Notre r\u00e9seau de revendeurs vous offre des interlocuteurs comp\u00e9tents pr\u00e8s de chez vous, pour vous conseiller ou vous proposer des offres personnalis\u00e9es.<\/p>\n<p>Il vous suffit de passer la souris sur la carte et de cliquer sur le site souhait\u00e9!<\/p>\n","protected":false},"excerpt":{"rendered":"<p>Les machines puissantes ont besoin de partenaires solides ! Notre r\u00e9seau de revendeurs vous offre des interlocuteurs comp\u00e9tents pr\u00e8s de chez vous, pour vous conseiller ou vous proposer des offres personnalis\u00e9es. Il vous suffit de passer la souris sur la carte et de cliquer sur le site souhait\u00e9!<\/p>\n","protected":false},"author":1,"featured_media":0,"parent":0,"menu_order":7,"comment_status":"closed","ping_status":"closed","template":"template-dealer.php","meta":{"_acf_changed":false,"inline_featured_image":false,"footnotes":""},"class_list":["post-13155","page","type-page","status-publish","hentry"],"acf":[],"_links":{"self":[{"href":"https:\/\/www.seppi.com\/fr\/wp-json\/wp\/v2\/pages\/13155","targetHints":{"allow":["GET"]}}],"collection":[{"href":"https:\/\/www.seppi.com\/fr\/wp-json\/wp\/v2\/pages"}],"about":[{"href":"https:\/\/www.seppi.com\/fr\/wp-json\/wp\/v2\/types\/page"}],"author":[{"embeddable":true,"href":"https:\/\/www.seppi.com\/fr\/wp-json\/wp\/v2\/users\/1"}],"replies":[{"embeddable":true,"href":"https:\/\/www.seppi.com\/fr\/wp-json\/wp\/v2\/comments?post=13155"}],"version-history":[{"count":1,"href":"https:\/\/www.seppi.com\/fr\/wp-json\/wp\/v2\/pages\/13155\/revisions"}],"predecessor-version":[{"id":13504,"href":"https:\/\/www.seppi.com\/fr\/wp-json\/wp\/v2\/pages\/13155\/revisions\/13504"}],"wp:attachment":[{"href":"https:\/\/www.seppi.com\/fr\/wp-json\/wp\/v2\/media?parent=13155"}],"curies":[{"name":"wp","href":"https:\/\/api.w.org\/{rel}","templated":true}]}}