{"id":13109,"date":"2024-08-12T09:00:16","date_gmt":"2024-08-12T07:00:16","guid":{"rendered":"http:\/\/projekt2.seppi.com.dd48310.kasserver.com\/anwendungen\/"},"modified":"2026-03-31T12:37:24","modified_gmt":"2026-03-31T10:37:24","slug":"application","status":"publish","type":"page","link":"https:\/\/www.seppi.com\/fr\/application\/","title":{"rendered":"Applications"},"content":{"rendered":"<p>D\u00e9couvrez les multiples possibilit\u00e9s d&rsquo;utilisation de nos machines. De l&rsquo;entretien efficace des espaces verts au travail pr\u00e9cis dans les vergers et les vignobles, en passant par le travaux forestiers exigeants et traitement des pierres, nos produits fournissent des r\u00e9sultats de premi\u00e8re classe. Trouvez l&rsquo;\u00e9quipement parfait pour vos besoins!<\/p>\n","protected":false},"excerpt":{"rendered":"<p>D\u00e9couvrez les multiples possibilit\u00e9s d&rsquo;utilisation de nos machines. De l&rsquo;entretien efficace des espaces verts au travail pr\u00e9cis dans les vergers et les vignobles, en passant par le travaux forestiers exigeants et traitement des pierres, nos produits fournissent des r\u00e9sultats de premi\u00e8re classe. Trouvez l&rsquo;\u00e9quipement parfait pour vos besoins!<\/p>\n","protected":false},"author":1,"featured_media":0,"parent":0,"menu_order":2,"comment_status":"closed","ping_status":"closed","template":"template-anwendungen.php","meta":{"_acf_changed":false,"inline_featured_image":false,"footnotes":""},"class_list":["post-13109","page","type-page","status-publish","hentry"],"acf":[],"_links":{"self":[{"href":"https:\/\/www.seppi.com\/fr\/wp-json\/wp\/v2\/pages\/13109","targetHints":{"allow":["GET"]}}],"collection":[{"href":"https:\/\/www.seppi.com\/fr\/wp-json\/wp\/v2\/pages"}],"about":[{"href":"https:\/\/www.seppi.com\/fr\/wp-json\/wp\/v2\/types\/page"}],"author":[{"embeddable":true,"href":"https:\/\/www.seppi.com\/fr\/wp-json\/wp\/v2\/users\/1"}],"replies":[{"embeddable":true,"href":"https:\/\/www.seppi.com\/fr\/wp-json\/wp\/v2\/comments?post=13109"}],"version-history":[{"count":2,"href":"https:\/\/www.seppi.com\/fr\/wp-json\/wp\/v2\/pages\/13109\/revisions"}],"predecessor-version":[{"id":19501,"href":"https:\/\/www.seppi.com\/fr\/wp-json\/wp\/v2\/pages\/13109\/revisions\/19501"}],"wp:attachment":[{"href":"https:\/\/www.seppi.com\/fr\/wp-json\/wp\/v2\/media?parent=13109"}],"curies":[{"name":"wp","href":"https:\/\/api.w.org\/{rel}","templated":true}]}}