{"id":19374,"date":"2026-02-26T01:38:43","date_gmt":"2026-02-26T00:38:43","guid":{"rendered":"https:\/\/www.seppi.com\/?page_id=19374"},"modified":"2026-03-31T16:51:16","modified_gmt":"2026-03-31T14:51:16","slug":"declaracion-de-accesibilidad","status":"publish","type":"page","link":"https:\/\/www.seppi.com\/es\/declaracion-de-accesibilidad\/","title":{"rendered":"Declaraci\u00f3n de accesibilidad"},"content":{"rendered":"<h3 data-section-id=\"106rxir\" data-start=\"81\" data-end=\"119\">1. Compromiso con la accesibilidad<\/h3>\n<p data-start=\"121\" data-end=\"269\">SEPPI M. SPA se compromete a hacer que su sitio web sea accesible para el mayor n\u00famero posible de usuarios, incluidas las personas con discapacidad.<\/p>\n<p data-start=\"271\" data-end=\"456\">El objetivo es ofrecer contenidos y funcionalidades claros, comprensibles y utilizables, adoptando criterios de dise\u00f1o, desarrollo y actualizaci\u00f3n orientados a la accesibilidad digital.<\/p>\n<h3 data-section-id=\"hgu80y\" data-start=\"458\" data-end=\"484\">2. Norma de referencia<\/h3>\n<p data-start=\"486\" data-end=\"712\">El sitio web se desarrolla tomando como referencia las <strong data-start=\"541\" data-end=\"592\">Web Content Accessibility Guidelines (WCAG) 2.2<\/strong>, nivel <strong data-start=\"600\" data-end=\"606\">AA<\/strong>, consideradas como el est\u00e1ndar t\u00e9cnico de referencia para mejorar la accesibilidad de los contenidos web.<\/p>\n<h3 data-section-id=\"4wp8ir\" data-start=\"714\" data-end=\"744\">3. Estado de accesibilidad<\/h3>\n<p data-start=\"746\" data-end=\"838\">Este sitio web est\u00e1 sujeto a actividades continuas de revisi\u00f3n y mejora de la accesibilidad.<\/p>\n<p data-start=\"840\" data-end=\"1224\">Los an\u00e1lisis automatizados realizados hasta la fecha en las p\u00e1ginas examinadas no han identificado problemas bloqueantes en relaci\u00f3n con las comprobaciones autom\u00e1ticas aplicables a los criterios WCAG 2.2. No obstante, la evaluaci\u00f3n global de la accesibilidad del sitio web sigue estando sujeta a revisiones manuales peri\u00f3dicas y al an\u00e1lisis de compatibilidad con tecnolog\u00edas de apoyo.<\/p>\n<h3 data-section-id=\"fcr27p\" data-start=\"1226\" data-end=\"1282\">4. Medidas adoptadas para favorecer la accesibilidad<\/h3>\n<p data-start=\"1284\" data-end=\"1384\">Para mejorar la accesibilidad del sitio web, se adoptan, cuando corresponde, las siguientes medidas:<\/p>\n<h4 data-start=\"1386\" data-end=\"1418\">4.1 Estructura y contenidos<\/h4>\n<ul data-start=\"1420\" data-end=\"1754\">\n<li data-section-id=\"1uixbjx\" data-start=\"1420\" data-end=\"1474\">\n<p data-start=\"1422\" data-end=\"1474\">uso de una estructura HTML sem\u00e1nticamente coherente;<\/p>\n<\/li>\n<li data-section-id=\"q0sz69\" data-start=\"1475\" data-end=\"1577\">\n<p data-start=\"1477\" data-end=\"1577\">organizaci\u00f3n de los contenidos mediante encabezados, listas y \u00e1reas funcionales claramente legibles;<\/p>\n<\/li>\n<li data-section-id=\"17o4q5n\" data-start=\"1578\" data-end=\"1681\">\n<p data-start=\"1580\" data-end=\"1681\">presencia de etiquetas descriptivas para los campos de formularios, botones y elementos interactivos;<\/p>\n<\/li>\n<li data-section-id=\"gd2m5k\" data-start=\"1682\" data-end=\"1754\">\n<p data-start=\"1684\" data-end=\"1754\">atenci\u00f3n a la claridad del texto y a la legibilidad de los contenidos.<\/p>\n<\/li>\n<\/ul>\n<h4 data-start=\"1756\" data-end=\"1781\">4.2 Navegaci\u00f3n y uso<\/h4>\n<ul data-start=\"1783\" data-end=\"1991\">\n<li data-section-id=\"1udnqes\" data-start=\"1783\" data-end=\"1827\">\n<p data-start=\"1785\" data-end=\"1827\">atenci\u00f3n a la navegaci\u00f3n mediante teclado;<\/p>\n<\/li>\n<li data-section-id=\"174itr\" data-start=\"1828\" data-end=\"1905\">\n<p data-start=\"1830\" data-end=\"1905\">verificaci\u00f3n de la compatibilidad con los principales navegadores modernos;<\/p>\n<\/li>\n<li data-section-id=\"17p3xb8\" data-start=\"1906\" data-end=\"1991\">\n<p data-start=\"1908\" data-end=\"1991\">mejora progresiva de la compatibilidad con las tecnolog\u00edas de apoyo m\u00e1s utilizadas.<\/p>\n<\/li>\n<\/ul>\n<h4 data-start=\"1993\" data-end=\"2021\">4.3 Presentaci\u00f3n visual<\/h4>\n<ul data-start=\"2023\" data-end=\"2256\">\n<li data-section-id=\"yzqeox\" data-start=\"2023\" data-end=\"2089\">\n<p data-start=\"2025\" data-end=\"2089\">atenci\u00f3n al contraste de color y a la legibilidad de los textos;<\/p>\n<\/li>\n<li data-section-id=\"1qh4grh\" data-start=\"2090\" data-end=\"2181\">\n<p data-start=\"2092\" data-end=\"2181\">atenci\u00f3n a la escalabilidad de los contenidos y a su adaptaci\u00f3n a distintos dispositivos;<\/p>\n<\/li>\n<li data-section-id=\"7waxu7\" data-start=\"2182\" data-end=\"2256\">\n<p data-start=\"2184\" data-end=\"2256\">reducci\u00f3n progresiva de posibles elementos que puedan dificultar el uso.<\/p>\n<\/li>\n<\/ul>\n<h4 data-start=\"2258\" data-end=\"2309\">4.4 Herramientas opcionales de personalizaci\u00f3n<\/h4>\n<p data-start=\"2311\" data-end=\"2547\">El sitio web pone a disposici\u00f3n una herramienta opcional de personalizaci\u00f3n de la interfaz que permite a los usuarios, cuando resulte \u00fatil, adaptar determinados aspectos de la presentaci\u00f3n de los contenidos y de la lectura, entre ellos:<\/p>\n<ul data-start=\"2549\" data-end=\"2933\">\n<li data-section-id=\"irhtsq\" data-start=\"2549\" data-end=\"2579\">\n<p data-start=\"2551\" data-end=\"2579\">ajuste del tama\u00f1o del texto;<\/p>\n<\/li>\n<li data-section-id=\"15lj46\" data-start=\"2580\" data-end=\"2614\">\n<p data-start=\"2582\" data-end=\"2614\">aumento del grosor de la fuente;<\/p>\n<\/li>\n<li data-section-id=\"5wyl3h\" data-start=\"2615\" data-end=\"2676\">\n<p data-start=\"2617\" data-end=\"2676\">modificaci\u00f3n del interlineado y del espaciado entre letras;<\/p>\n<\/li>\n<li data-section-id=\"ojs5vz\" data-start=\"2677\" data-end=\"2724\">\n<p data-start=\"2679\" data-end=\"2724\">activaci\u00f3n de una fuente de alta legibilidad;<\/p>\n<\/li>\n<li data-section-id=\"1vm0q9u\" data-start=\"2725\" data-end=\"2762\">\n<p data-start=\"2727\" data-end=\"2762\">resaltado de enlaces y encabezados;<\/p>\n<\/li>\n<li data-section-id=\"c3j7b1\" data-start=\"2763\" data-end=\"2821\">\n<p data-start=\"2765\" data-end=\"2821\">modos de contraste visual y visualizaci\u00f3n monocrom\u00e1tica;<\/p>\n<\/li>\n<li data-section-id=\"1bjpong\" data-start=\"2822\" data-end=\"2849\">\n<p data-start=\"2824\" data-end=\"2849\">detenci\u00f3n de animaciones;<\/p>\n<\/li>\n<li data-section-id=\"rjfm1r\" data-start=\"2850\" data-end=\"2894\">\n<p data-start=\"2852\" data-end=\"2894\">herramientas de apoyo visual a la lectura;<\/p>\n<\/li>\n<li data-section-id=\"1c5obzt\" data-start=\"2895\" data-end=\"2933\">\n<p data-start=\"2897\" data-end=\"2933\">mejora de la visibilidad del cursor.<\/p>\n<\/li>\n<\/ul>\n<p data-start=\"2935\" data-end=\"3135\">Estas funciones se ofrecen como apoyo adicional para la usabilidad de los contenidos y no sustituyen los requisitos de accesibilidad del sitio web ni las necesarias comprobaciones t\u00e9cnicas y manuales.<\/p>\n<h3 data-section-id=\"377u4l\" data-start=\"3137\" data-end=\"3172\">5. Verificaciones y supervisi\u00f3n<\/h3>\n<p data-start=\"3174\" data-end=\"3287\">La accesibilidad del sitio web se verifica peri\u00f3dicamente mediante actividades de control t\u00e9cnico, en particular:<\/p>\n<ul data-start=\"3289\" data-end=\"3540\">\n<li data-section-id=\"cfs7mv\" data-start=\"3289\" data-end=\"3352\">\n<p data-start=\"3291\" data-end=\"3352\">pruebas autom\u00e1ticas en p\u00e1ginas representativas del sitio web;<\/p>\n<\/li>\n<li data-section-id=\"1vjx4om\" data-start=\"3353\" data-end=\"3422\">\n<p data-start=\"3355\" data-end=\"3422\">comprobaciones manuales de elementos y funcionalidades principales;<\/p>\n<\/li>\n<li data-section-id=\"u5ptu0\" data-start=\"3423\" data-end=\"3540\">\n<p data-start=\"3425\" data-end=\"3540\">verificaciones con motivo de actualizaciones significativas de los contenidos, la estructura o las funcionalidades.<\/p>\n<\/li>\n<\/ul>\n<p data-start=\"3542\" data-end=\"3745\">Las verificaciones autom\u00e1ticas constituyen una ayuda \u00fatil para detectar determinados problemas, pero no sustituyen las evaluaciones manuales necesarias para una comprobaci\u00f3n completa de la accesibilidad.<\/p>\n<p data-start=\"3747\" data-end=\"3924\">Cuando est\u00e9n disponibles, los resultados de las verificaciones t\u00e9cnicas m\u00e1s recientes podr\u00e1n facilitarse previa solicitud o publicarse mediante la documentaci\u00f3n correspondiente.<\/p>\n<h3 data-section-id=\"195j8h5\" data-start=\"3926\" data-end=\"3983\">6. Contenidos que a\u00fan no son completamente accesibles<\/h3>\n<p data-start=\"3985\" data-end=\"4126\">A pesar de nuestro compromiso continuo, algunas partes del sitio web pueden no ser todav\u00eda totalmente accesibles. En particular, puede haber:<\/p>\n<ul data-start=\"4128\" data-end=\"4549\">\n<li data-section-id=\"1ug1p22\" data-start=\"4128\" data-end=\"4217\">\n<p data-start=\"4130\" data-end=\"4217\">ciertos elementos gr\u00e1ficos o combinaciones crom\u00e1ticas susceptibles de mejora adicional;<\/p>\n<\/li>\n<li data-section-id=\"yrd8xy\" data-start=\"4218\" data-end=\"4348\">\n<p data-start=\"4220\" data-end=\"4348\">documentos PDF o archivos descargables que a\u00fan no est\u00e9n completamente optimizados para la lectura mediante lectores de pantalla;<\/p>\n<\/li>\n<li data-section-id=\"t6iujj\" data-start=\"4349\" data-end=\"4445\">\n<p data-start=\"4351\" data-end=\"4445\">contenidos o componentes de terceros que a\u00fan no cumplan plenamente con los criterios WCAG 2.2;<\/p>\n<\/li>\n<li data-section-id=\"1peq3k2\" data-start=\"4446\" data-end=\"4549\">\n<p data-start=\"4448\" data-end=\"4549\">aspectos que requieran una verificaci\u00f3n manual m\u00e1s profunda para confirmar plenamente la conformidad.<\/p>\n<\/li>\n<\/ul>\n<p data-start=\"4551\" data-end=\"4672\">Cualquier incidencia identificada se tiene en cuenta y se eval\u00faa como parte del proceso de mejora continua del sitio web.<\/p>\n<h3 data-section-id=\"ccp6c1\" data-start=\"4674\" data-end=\"4703\">7. Comentarios y contacto<\/h3>\n<p data-start=\"4705\" data-end=\"4905\">Cualquier persona que encuentre dificultades para acceder a los contenidos o funcionalidades del sitio web, o que desee comunicar problemas de accesibilidad, puede ponerse en contacto con nosotros en:<\/p>\n<p data-start=\"4907\" data-end=\"4945\"><strong data-start=\"4907\" data-end=\"4930\">Correo electr\u00f3nico:<\/strong> <a class=\"decorated-link cursor-pointer\" rel=\"noopener\" data-start=\"4905\" data-end=\"4919\">sales<\/a><a class=\"decorated-link cursor-pointer\" rel=\"noopener\" data-start=\"4931\" data-end=\"4945\">@seppi.com<\/a><\/p>\n<p data-start=\"4947\" data-end=\"5086\">Las comunicaciones se tendr\u00e1n en cuenta lo antes posible y, cuando sea factible, se proporcionar\u00e1 una respuesta o una soluci\u00f3n alternativa.<\/p>\n<h3 data-section-id=\"kzyhnv\" data-start=\"5088\" data-end=\"5131\">8. Versiones ling\u00fc\u00edsticas del sitio web<\/h3>\n<p data-start=\"5133\" data-end=\"5240\">La presente declaraci\u00f3n se aplica a <strong data-start=\"5169\" data-end=\"5182\">seppi.com<\/strong> y a las versiones ling\u00fc\u00edsticas disponibles del sitio web.<\/p>\n<h3 data-section-id=\"86yltr\" data-start=\"5242\" data-end=\"5272\">9. Fecha de la declaraci\u00f3n<\/h3>\n<p data-start=\"5274\" data-end=\"5341\"><strong data-start=\"5274\" data-end=\"5291\">Redactada el:<\/strong> 25\/02\/2026<br data-start=\"5302\" data-end=\"5305\" \/><strong data-start=\"5305\" data-end=\"5330\">\u00daltima actualizaci\u00f3n:<\/strong> 25\/02\/2026<\/p>\n","protected":false},"excerpt":{"rendered":"<p>1. Compromiso con la accesibilidad SEPPI M. SPA se compromete a hacer que su sitio web sea accesible para el mayor n\u00famero posible de usuarios, incluidas las personas con discapacidad. El objetivo es ofrecer contenidos y funcionalidades claros, comprensibles y utilizables, adoptando criterios de dise\u00f1o, desarrollo y actualizaci\u00f3n orientados a la accesibilidad digital. 2. Norma [&hellip;]<\/p>\n","protected":false},"author":6,"featured_media":0,"parent":0,"menu_order":0,"comment_status":"closed","ping_status":"closed","template":"","meta":{"_acf_changed":false,"inline_featured_image":false,"footnotes":""},"class_list":["post-19374","page","type-page","status-publish","hentry"],"acf":[],"_links":{"self":[{"href":"https:\/\/www.seppi.com\/es\/wp-json\/wp\/v2\/pages\/19374","targetHints":{"allow":["GET"]}}],"collection":[{"href":"https:\/\/www.seppi.com\/es\/wp-json\/wp\/v2\/pages"}],"about":[{"href":"https:\/\/www.seppi.com\/es\/wp-json\/wp\/v2\/types\/page"}],"author":[{"embeddable":true,"href":"https:\/\/www.seppi.com\/es\/wp-json\/wp\/v2\/users\/6"}],"replies":[{"embeddable":true,"href":"https:\/\/www.seppi.com\/es\/wp-json\/wp\/v2\/comments?post=19374"}],"version-history":[{"count":2,"href":"https:\/\/www.seppi.com\/es\/wp-json\/wp\/v2\/pages\/19374\/revisions"}],"predecessor-version":[{"id":19508,"href":"https:\/\/www.seppi.com\/es\/wp-json\/wp\/v2\/pages\/19374\/revisions\/19508"}],"wp:attachment":[{"href":"https:\/\/www.seppi.com\/es\/wp-json\/wp\/v2\/media?parent=19374"}],"curies":[{"name":"wp","href":"https:\/\/api.w.org\/{rel}","templated":true}]}}