{"id":13193,"date":"2024-07-23T15:58:32","date_gmt":"2024-07-23T13:58:32","guid":{"rendered":"http:\/\/projekt2.seppi.com.dd48310.kasserver.com\/impressum\/"},"modified":"2026-04-16T21:41:32","modified_gmt":"2026-04-16T19:41:32","slug":"aviso-legal","status":"publish","type":"page","link":"https:\/\/www.seppi.com\/es\/aviso-legal\/","title":{"rendered":"Aviso legal"},"content":{"rendered":"<h2>Aviso legal<\/h2>\n<h3>Titular del sitio web<\/h3>\n<p>El presente sitio web, accesible en la direcci\u00f3n <a href=\"http:\/\/www.seppi.com\/es\/\">www.seppi.com<\/a> (en adelante, el \u201cSitio\u201d), es propiedad de:<\/p>\n<p><strong>SEPPI M. S.p.A.<\/strong><br \/>\nDomicilio social: Via Trento n. 111 \u2013 38017 Mezzolombardo (TN), Italia<br \/>\nNIF \/ C\u00f3digo fiscal: IT 02677930212<br \/>\nRegistro Mercantil: C\u00e1mara de Comercio de Trento R.E.A. TN 221532<br \/>\nCapital social: 2.000.000,00 \u20ac totalmente desembolsado<br \/>\nTel.: +39 0461 1787500<br \/>\nCorreo electr\u00f3nico: <a href=\"mailto:sales@seppi.com\">sales@seppi.com<\/a><br \/>\nPEC: <a href=\"mailto:admin.seppispa@legpec.it\">admin.seppispa@legpec.it<\/a><\/p>\n<hr \/>\n<h3>Condiciones de uso del sitio<\/h3>\n<p>El acceso, la navegaci\u00f3n y el uso del Sitio implican la aceptaci\u00f3n plena y sin reservas del presente Aviso Legal por parte del usuario.<\/p>\n<p>El usuario se compromete a utilizar el Sitio de conformidad con la legislaci\u00f3n vigente, los principios de buena fe, as\u00ed como respetando los derechos de SEPPI M. S.p.A. y de terceros.<\/p>\n<p>SEPPI M. S.p.A. se reserva el derecho de modificar, actualizar o completar en cualquier momento el contenido del presente Aviso Legal, sin necesidad de previo aviso.<\/p>\n<hr \/>\n<h3>Propiedad intelectual e industrial<\/h3>\n<p>Todos los contenidos presentes en el Sitio, incluidos, a t\u00edtulo enunciativo y no limitativo, textos, documentos, im\u00e1genes, fotograf\u00edas, dibujos t\u00e9cnicos, logotipos, marcas, dise\u00f1os gr\u00e1ficos, software, c\u00f3digo fuente, know-how, cat\u00e1logos y material audiovisual, son propiedad exclusiva de SEPPI M. S.p.A. o se encuentran licenciados a su favor, y est\u00e1n protegidos por la normativa vigente en materia de propiedad intelectual e industrial.<\/p>\n<p>Queda prohibida cualquier reproducci\u00f3n, distribuci\u00f3n, comunicaci\u00f3n, modificaci\u00f3n, publicaci\u00f3n, transmisi\u00f3n o utilizaci\u00f3n, total o parcial, de los contenidos del Sitio sin el consentimiento previo por escrito de SEPPI M. S.p.A., salvo en los casos permitidos por la ley.<\/p>\n<hr \/>\n<h3>Accesibilidad<\/h3>\n<p>Para m\u00e1s informaci\u00f3n sobre la accesibilidad del Sitio, consulte la p\u00e1gina correspondiente:<\/p>\n<blockquote class=\"wp-embedded-content\" data-secret=\"3MFX5zGzVI\"><p><a href=\"https:\/\/www.seppi.com\/es\/declaracion-de-accesibilidad\/\">Declaraci\u00f3n de accesibilidad<\/a><\/p><\/blockquote>\n<p><iframe loading=\"lazy\" class=\"wp-embedded-content\" sandbox=\"allow-scripts\" security=\"restricted\" style=\"position: absolute; visibility: hidden;\" title=\"\u00abDeclaraci\u00f3n de accesibilidad\u00bb \u2014 seppi m\" src=\"https:\/\/www.seppi.com\/es\/declaracion-de-accesibilidad\/embed\/#?secret=XzFQ6VCxuI#?secret=3MFX5zGzVI\" data-secret=\"3MFX5zGzVI\" width=\"500\" height=\"282\" frameborder=\"0\" marginwidth=\"0\" marginheight=\"0\" scrolling=\"no\"><\/iframe><\/p>\n<hr \/>\n<h3>Whistleblowing<\/h3>\n<p>Para informaci\u00f3n relativa a los canales de denuncia (whistleblowing), consulte la p\u00e1gina correspondiente:<\/p>\n<blockquote class=\"wp-embedded-content\" data-secret=\"fBA3zApsje\"><p><a href=\"https:\/\/www.seppi.com\/es\/whistleblowing\/\">Whistleblowing<\/a><\/p><\/blockquote>\n<p><iframe loading=\"lazy\" class=\"wp-embedded-content\" sandbox=\"allow-scripts\" security=\"restricted\" style=\"position: absolute; visibility: hidden;\" title=\"\u00abWhistleblowing\u00bb \u2014 seppi m\" src=\"https:\/\/www.seppi.com\/es\/whistleblowing\/embed\/#?secret=jF3aFCJvmw#?secret=fBA3zApsje\" data-secret=\"fBA3zApsje\" width=\"500\" height=\"282\" frameborder=\"0\" marginwidth=\"0\" marginheight=\"0\" scrolling=\"no\"><\/iframe><\/p>\n<hr \/>\n","protected":false},"excerpt":{"rendered":"<p>Aviso legal Titular del sitio web El presente sitio web, accesible en la direcci\u00f3n www.seppi.com (en adelante, el \u201cSitio\u201d), es propiedad de: SEPPI M. S.p.A. Domicilio social: Via Trento n. 111 \u2013 38017 Mezzolombardo (TN), Italia NIF \/ C\u00f3digo fiscal: IT 02677930212 Registro Mercantil: C\u00e1mara de Comercio de Trento R.E.A. TN 221532 Capital social: 2.000.000,00 [&hellip;]<\/p>\n","protected":false},"author":1,"featured_media":0,"parent":0,"menu_order":101,"comment_status":"closed","ping_status":"closed","template":"template-dsgvo-impressum.php","meta":{"_acf_changed":false,"inline_featured_image":false,"footnotes":""},"class_list":["post-13193","page","type-page","status-publish","hentry"],"acf":[],"_links":{"self":[{"href":"https:\/\/www.seppi.com\/es\/wp-json\/wp\/v2\/pages\/13193","targetHints":{"allow":["GET"]}}],"collection":[{"href":"https:\/\/www.seppi.com\/es\/wp-json\/wp\/v2\/pages"}],"about":[{"href":"https:\/\/www.seppi.com\/es\/wp-json\/wp\/v2\/types\/page"}],"author":[{"embeddable":true,"href":"https:\/\/www.seppi.com\/es\/wp-json\/wp\/v2\/users\/1"}],"replies":[{"embeddable":true,"href":"https:\/\/www.seppi.com\/es\/wp-json\/wp\/v2\/comments?post=13193"}],"version-history":[{"count":4,"href":"https:\/\/www.seppi.com\/es\/wp-json\/wp\/v2\/pages\/13193\/revisions"}],"predecessor-version":[{"id":19663,"href":"https:\/\/www.seppi.com\/es\/wp-json\/wp\/v2\/pages\/13193\/revisions\/19663"}],"wp:attachment":[{"href":"https:\/\/www.seppi.com\/es\/wp-json\/wp\/v2\/media?parent=13193"}],"curies":[{"name":"wp","href":"https:\/\/api.w.org\/{rel}","templated":true}]}}