{"id":13112,"date":"2024-08-12T09:00:16","date_gmt":"2024-08-12T07:00:16","guid":{"rendered":"http:\/\/projekt2.seppi.com.dd48310.kasserver.com\/anwendungen\/"},"modified":"2025-10-13T15:18:04","modified_gmt":"2025-10-13T13:18:04","slug":"aplicaciones","status":"publish","type":"page","link":"https:\/\/www.seppi.com\/es\/aplicaciones\/","title":{"rendered":"Aplicaciones"},"content":{"rendered":"<p>Descubra las m\u00faltiples posibilidades de aplicaci\u00f3n de nuestras m\u00e1quinas. Desde el mantenimiento eficiente de zonas verdes hasta el trabajo preciso en fruticultura y viticultura, pasando por el trabajo robusto en silvicultura y piedra, nuestros productos ofrecen resultados de primera clase. \u00a1Encuentre el equipo perfecto para sus necesidades!<\/p>\n","protected":false},"excerpt":{"rendered":"<p>Descubra las m\u00faltiples posibilidades de aplicaci\u00f3n de nuestras m\u00e1quinas. Desde el mantenimiento eficiente de zonas verdes hasta el trabajo preciso en fruticultura y viticultura, pasando por el trabajo robusto en silvicultura y piedra, nuestros productos ofrecen resultados de primera clase. \u00a1Encuentre el equipo perfecto para sus necesidades!<\/p>\n","protected":false},"author":1,"featured_media":0,"parent":0,"menu_order":2,"comment_status":"closed","ping_status":"closed","template":"template-anwendungen.php","meta":{"_acf_changed":false,"inline_featured_image":false,"footnotes":""},"class_list":["post-13112","page","type-page","status-publish","hentry"],"acf":[],"_links":{"self":[{"href":"https:\/\/www.seppi.com\/es\/wp-json\/wp\/v2\/pages\/13112","targetHints":{"allow":["GET"]}}],"collection":[{"href":"https:\/\/www.seppi.com\/es\/wp-json\/wp\/v2\/pages"}],"about":[{"href":"https:\/\/www.seppi.com\/es\/wp-json\/wp\/v2\/types\/page"}],"author":[{"embeddable":true,"href":"https:\/\/www.seppi.com\/es\/wp-json\/wp\/v2\/users\/1"}],"replies":[{"embeddable":true,"href":"https:\/\/www.seppi.com\/es\/wp-json\/wp\/v2\/comments?post=13112"}],"version-history":[{"count":2,"href":"https:\/\/www.seppi.com\/es\/wp-json\/wp\/v2\/pages\/13112\/revisions"}],"predecessor-version":[{"id":15033,"href":"https:\/\/www.seppi.com\/es\/wp-json\/wp\/v2\/pages\/13112\/revisions\/15033"}],"wp:attachment":[{"href":"https:\/\/www.seppi.com\/es\/wp-json\/wp\/v2\/media?parent=13112"}],"curies":[{"name":"wp","href":"https:\/\/api.w.org\/{rel}","templated":true}]}}